{"id":7330,"date":"2024-11-05T12:00:11","date_gmt":"2024-11-05T12:00:11","guid":{"rendered":"https:\/\/www.ospcleaning.be\/?page_id=7330"},"modified":"2026-01-10T07:31:32","modified_gmt":"2026-01-10T07:31:32","slug":"actualites","status":"publish","type":"page","link":"http:\/\/www.ospcleaning.be\/en\/actualites\/","title":{"rendered":"News"},"content":{"rendered":"<div data-elementor-type=\"wp-page\" data-elementor-id=\"7330\" class=\"elementor elementor-7330\" data-elementor-post-type=\"page\">\n\t\t\t\t<div class=\"elementor-element elementor-element-b2608e1 e-flex e-con-boxed e-con e-parent\" data-id=\"b2608e1\" data-element_type=\"container\">\n\t\t\t\t\t<div class=\"e-con-inner\">\n\t\t\t\t<div class=\"elementor-element elementor-element-6891c6e elementor-widget elementor-widget-heading\" data-id=\"6891c6e\" data-element_type=\"widget\" data-widget_type=\"heading.default\">\n\t\t\t\t<div class=\"elementor-widget-container\">\n\t\t\t<h3 class=\"elementor-heading-title elementor-size-default\">Latest news<\/h3>\t\t<\/div>\n\t\t\t\t<\/div>\n\t\t\t\t\t<\/div>\n\t\t\t\t<\/div>\n\t\t<div class=\"elementor-element elementor-element-bc6833b e-flex e-con-boxed e-con e-parent\" data-id=\"bc6833b\" data-element_type=\"container\">\n\t\t\t\t\t<div class=\"e-con-inner\">\n\t\t\t\t<div class=\"elementor-element elementor-element-9ab87e1 readmore-btn-only-text title_position_default title_hover_border_default title-default tpg-el-box-border-enable tpg-border-bottom-disable elementor-widget elementor-widget-tpg-grid-layout\" data-id=\"9ab87e1\" data-element_type=\"widget\" data-widget_type=\"tpg-grid-layout.default\">\n\t\t\t\t<div class=\"elementor-widget-container\">\n\t\t\t\t\t<div class=\"rt-container-fluid rt-tpg-container tpg-el-main-wrapper clearfix grid-layout1-main\"\n\t\t\t id=\"rt-tpg-container-1482546069\"\n\t\t\t data-layout=\"grid-layout1\"\n\t\t\t data-grid-style=\"tpg-full-height\"\n\t\t\t data-sc-id=\"elementor\"\n\t\t\t data-el-settings=''\n\t\t\t data-el-query=''\n\t\t\t data-el-path=''\n\t\t>\n\t\t\t\t\t\t<div class='tpg-header-wrapper'>\n\t\t\t\t\t\t\t<\/div>\n\n\t\t\t<div data-title=\"Loading ...\" class=\"rt-row rt-content-loader grid-layout1 grid-behaviour tpg-full-height grid_layout_wrapper\">\n\t\t\t\t<div class=\"rt-col-md-4 rt-col-sm-6 rt-col-xs-12 default rt-grid-item post-7770 post type-post status-publish format-standard hentry category-info\"        data-id=\"7770\">\n    <div class=\"rt-holder tpg-post-holder\">\n        <div class=\"rt-detail rt-el-content-wrapper\">\n\t\t\t\n\t\t\t<div class=\"entry-title-wrapper\"><h3 class=\"entry-title\"><a data-id=\"7770\" href=\"http:\/\/www.ospcleaning.be\/en\/2026\/03\/24\/elementor-7770\/\" class=\"tpg-post-link\" target=\"_self\">Nos portes sont ouvertes \u00e0 notre nouvelle adresse !<\/a><\/h3><\/div>\n\t\t\t\n\n\t\t\t                <div class=\"tpg-excerpt tpg-el-excerpt\">\n\t\t\t\t\t                        <div class=\"tpg-excerpt-inner\">\n\t\t\t\t\t\t\tNous sommes officiellement install\u00e9s ! \ud83c\udf89 Chers clients, chers partenaires, Nous avons le plaisir de vous confirmer que notre \u00e9quipe est d\u00e9sormais pleinement install\u00e9e dans nos nouveaux locaux situ\u00e9s...                        <\/div>\n\t\t\t\t\t\t\t\t\t\t                <\/div>\n\t\t\t\n\t\t\t        <div class=\"post-footer\">\n            <div class=\"post-footer\">\n                <div class=\"read-more\">\n\t\t\t\t\t<a data-id=\"7770\" href=\"http:\/\/www.ospcleaning.be\/en\/2026\/03\/24\/elementor-7770\/\" class=\"tpg-post-link\" target=\"_self\">Read more<i aria-hidden=\"true\" class=\"right-icon far fa-arrow-alt-circle-right\"><\/i><\/a>                <\/div>\n            <\/div>\n        <\/div>\n\t\t        <\/div>\n    <\/div>\n<\/div>\n<div class=\"rt-col-md-4 rt-col-sm-6 rt-col-xs-12 default rt-grid-item post-7752 post type-post status-publish format-standard hentry category-info\"        data-id=\"7752\">\n    <div class=\"rt-holder tpg-post-holder\">\n        <div class=\"rt-detail rt-el-content-wrapper\">\n\t\t\t\n\t\t\t<div class=\"entry-title-wrapper\"><h3 class=\"entry-title\"><a data-id=\"7752\" href=\"http:\/\/www.ospcleaning.be\/en\/2026\/01\/20\/elementor-7752\/\" class=\"tpg-post-link\" target=\"_self\">Distinction collaborateur \u2013 G\u00e9rard<\/a><\/h3><\/div>\n\t\t\t\n\n\t\t\t                <div class=\"tpg-excerpt tpg-el-excerpt\">\n\t\t\t\t\t                        <div class=\"tpg-excerpt-inner\">\n\t\t\t\t\t\t\tOSP CLEANING r\u00e9compense l\u2019excellence Un bon d\u2019achat de 100 \u20ac a \u00e9t\u00e9 attribu\u00e9 \u00e0 G\u00e9rard de la soci\u00e9t\u00e9 OSP CLEANING, en reconnaissance de son excellent travail. Cette r\u00e9compense s\u2019inscrit dans notre...                        <\/div>\n\t\t\t\t\t\t\t\t\t\t                <\/div>\n\t\t\t\n\t\t\t        <div class=\"post-footer\">\n            <div class=\"post-footer\">\n                <div class=\"read-more\">\n\t\t\t\t\t<a data-id=\"7752\" href=\"http:\/\/www.ospcleaning.be\/en\/2026\/01\/20\/elementor-7752\/\" class=\"tpg-post-link\" target=\"_self\">Read more<i aria-hidden=\"true\" class=\"right-icon far fa-arrow-alt-circle-right\"><\/i><\/a>                <\/div>\n            <\/div>\n        <\/div>\n\t\t        <\/div>\n    <\/div>\n<\/div>\n<div class=\"rt-col-md-4 rt-col-sm-6 rt-col-xs-12 default rt-grid-item post-7709 post type-post status-publish format-standard hentry category-info\"        data-id=\"7709\">\n    <div class=\"rt-holder tpg-post-holder\">\n        <div class=\"rt-detail rt-el-content-wrapper\">\n\t\t\t\n\t\t\t<div class=\"entry-title-wrapper\"><h3 class=\"entry-title\"><a data-id=\"7709\" href=\"http:\/\/www.ospcleaning.be\/en\/2026\/01\/10\/delocalisation-des-bureaux\/\" class=\"tpg-post-link\" target=\"_self\">Office relocation<\/a><\/h3><\/div>\n\t\t\t\n\n\t\t\t                <div class=\"tpg-excerpt tpg-el-excerpt\">\n\t\t\t\t\t                        <div class=\"tpg-excerpt-inner\">\n\t\t\t\t\t\t\tDear customers and partners, We are delighted to announce that our cleaning company is moving to new premises that are more structured, functional and user-friendly.                        <\/div>\n\t\t\t\t\t\t\t\t\t\t                <\/div>\n\t\t\t\n\t\t\t        <div class=\"post-footer\">\n            <div class=\"post-footer\">\n                <div class=\"read-more\">\n\t\t\t\t\t<a data-id=\"7709\" href=\"http:\/\/www.ospcleaning.be\/en\/2026\/01\/10\/delocalisation-des-bureaux\/\" class=\"tpg-post-link\" target=\"_self\">Read more<i aria-hidden=\"true\" class=\"right-icon far fa-arrow-alt-circle-right\"><\/i><\/a>                <\/div>\n            <\/div>\n        <\/div>\n\t\t        <\/div>\n    <\/div>\n<\/div>\n\t\t\t<\/div>\n\t\t\t\n\t\t<\/div>\n\t\t\t\t<\/div>\n\t\t\t\t<\/div>\n\t\t\t\t\t<\/div>\n\t\t\t\t<\/div>\n\t\t\t\t<\/div>","protected":false},"excerpt":{"rendered":"<p>Derni\u00e8res nouvelles D\u00e9localisation des bureaux Chers clients, chers partenaires, Nous avons le plaisir de vous annoncer le d\u00e9m\u00e9nagement de notre soci\u00e9t\u00e9 de nettoyage vers de nouveaux locaux, plus structur\u00e9s, fonctionnels et conviviaux.Ce nouvel&#8230; Lire plus<\/p>","protected":false},"author":1,"featured_media":0,"parent":0,"menu_order":0,"comment_status":"closed","ping_status":"closed","template":"","meta":{"footnotes":""},"class_list":["post-7330","page","type-page","status-publish","hentry"],"rttpg_featured_image_url":null,"rttpg_author":{"display_name":"ospcleaning","author_link":"http:\/\/www.ospcleaning.be\/en\/author\/ospcleaning\/"},"rttpg_comment":0,"rttpg_category":"","rttpg_excerpt":"Derni\u00e8res nouvelles D\u00e9localisation des bureaux Chers clients, chers partenaires, Nous avons le plaisir de vous annoncer le d\u00e9m\u00e9nagement de notre soci\u00e9t\u00e9 de nettoyage vers de nouveaux locaux, plus structur\u00e9s, fonctionnels et conviviaux.Ce nouvel&#8230; Lire plus","_links":{"self":[{"href":"http:\/\/www.ospcleaning.be\/en\/wp-json\/wp\/v2\/pages\/7330","targetHints":{"allow":["GET"]}}],"collection":[{"href":"http:\/\/www.ospcleaning.be\/en\/wp-json\/wp\/v2\/pages"}],"about":[{"href":"http:\/\/www.ospcleaning.be\/en\/wp-json\/wp\/v2\/types\/page"}],"author":[{"embeddable":true,"href":"http:\/\/www.ospcleaning.be\/en\/wp-json\/wp\/v2\/users\/1"}],"replies":[{"embeddable":true,"href":"http:\/\/www.ospcleaning.be\/en\/wp-json\/wp\/v2\/comments?post=7330"}],"version-history":[{"count":16,"href":"http:\/\/www.ospcleaning.be\/en\/wp-json\/wp\/v2\/pages\/7330\/revisions"}],"predecessor-version":[{"id":7723,"href":"http:\/\/www.ospcleaning.be\/en\/wp-json\/wp\/v2\/pages\/7330\/revisions\/7723"}],"wp:attachment":[{"href":"http:\/\/www.ospcleaning.be\/en\/wp-json\/wp\/v2\/media?parent=7330"}],"curies":[{"name":"wp","href":"https:\/\/api.w.org\/{rel}","templated":true}]}}