{"id":7654,"date":"2026-01-07T09:25:09","date_gmt":"2026-01-07T09:25:09","guid":{"rendered":"https:\/\/www.ospcleaning.be\/?page_id=7654"},"modified":"2026-01-10T20:11:21","modified_gmt":"2026-01-10T20:11:21","slug":"estimation-devis","status":"publish","type":"page","link":"https:\/\/www.ospcleaning.be\/nl\/estimation-devis\/","title":{"rendered":"Schatting"},"content":{"rendered":"<div data-elementor-type=\"wp-page\" data-elementor-id=\"7654\" class=\"elementor elementor-7654\" data-elementor-post-type=\"page\">\n\t\t\t\t<div class=\"elementor-element elementor-element-4d40a5c e-flex e-con-boxed e-con e-parent\" data-id=\"4d40a5c\" data-element_type=\"container\">\n\t\t\t\t\t<div class=\"e-con-inner\">\n\t\t\t\t<div class=\"elementor-element elementor-element-513c130 elementor-widget elementor-widget-html\" data-id=\"513c130\" data-element_type=\"widget\" data-widget_type=\"html.default\">\n\t\t\t\t<div class=\"elementor-widget-container\">\n\t\t\t<div class=\"osp-estimation\">\r\n  <div class=\"container\">\r\n\r\n    <div class=\"header\">\r\n      <h1>OSP SCHOONMAKEN SCHATTING<\/h1>\r\n      <p>Vraag een offerte aan voor je schoonmaakservice<\/p>\r\n    <\/div>\r\n\r\n    <div class=\"content-wrapper\">\r\n\r\n      <!-- COLONNE GAUCHE -->\r\n      <div class=\"left-column\">\r\n\r\n        <!-- TYPE DE SERVICE EN PREMIER -->\r\n        <h2 class=\"section-title\">Type dienst<\/h2>\r\n\r\n        <div class=\"radio-group\">\r\n          <div class=\"radio-option\">\r\n            <input type=\"radio\" id=\"particulier\" name=\"type-service\" checked>\r\n            <label for=\"particulier\" class=\"radio-label\">Particulier<\/label>\r\n          <\/div>\r\n          <div class=\"radio-option\">\r\n            <input type=\"radio\" id=\"professionnel\" name=\"type-service\">\r\n            <label for=\"professionnel\" class=\"radio-label\">Professioneel<\/label>\r\n          <\/div>\r\n        <\/div>\r\n\r\n        <!-- INFORMATIONS REQUISES EN DEUXI\u00c8ME -->\r\n        <h2 class=\"section-title\">Vereiste informatie<\/h2>\r\n\r\n        <div class=\"client-info-section\">\r\n          <!-- Champs PROFESSIONNEL (masqu\u00e9s par d\u00e9faut) -->\r\n          <div class=\"input-field field-professionnel\" style=\"display: none;\">\r\n            <label>Bedrijfsnaam *<\/label>\r\n            <input type=\"text\" id=\"company-name\" class=\"form-input\">\r\n          <\/div>\r\n\r\n          <div class=\"input-field field-professionnel\" style=\"display: none;\">\r\n            <label>BTW-nummer<\/label>\r\n            <input type=\"text\" id=\"tva-number\" class=\"form-input\">\r\n          <\/div>\r\n\r\n          <!-- Champs COMMUNS (toujours visibles) -->\r\n          <div class=\"dimensions-group\">\r\n            <div class=\"input-field\">\r\n              <label>Naam contactpersoon *<\/label>\r\n              <input type=\"text\" id=\"contact-name\" class=\"form-input required\">\r\n            <\/div>\r\n            <div class=\"input-field\">\r\n              <label>Telefoonnummer<\/label>\r\n              <input type=\"tel\" id=\"contact-phone\" class=\"form-input required\">\r\n            <\/div>\r\n          <\/div>\r\n          \r\n          <div class=\"input-field\">\r\n            <label>E-mail *<\/label>\r\n            <input type=\"email\" id=\"contact-email\" class=\"form-input required\">\r\n          <\/div>\r\n        <\/div>\r\n\r\n        <!-- AJOUT DES PRESTATIONS EN TROISI\u00c8ME -->\r\n        <h2 class=\"section-title\">Diensten toevoegen<\/h2>\r\n\r\n        <div class=\"prestation-select-group\">\r\n          <label>Selecteer een service<\/label>\r\n          <select id=\"prestation-select\" class=\"form-select\"><\/select>\r\n        <\/div>\r\n\r\n        <button type=\"button\" class=\"btn-add\" id=\"btn-add\">\r\n          + Deze service toevoegen\r\n        <\/button>\r\n\r\n        <div id=\"prestations-added\" class=\"prestations-added\"><\/div>\r\n\r\n        <div class=\"action-buttons\">\r\n          <button type=\"button\" class=\"btn-estimate\" id=\"btn-estimate\" disabled>\r\n            Schatting\r\n          <\/button>\r\n          <button type=\"button\" class=\"btn-reset\" id=\"btn-reset\">\r\n            Reset\r\n          <\/button>\r\n        <\/div>\r\n\r\n      <\/div>\r\n\r\n      <!-- COLONNE DROITE (inchang\u00e9e) -->\r\n      <div class=\"right-column\">\r\n\r\n        <h2 class=\"section-title\">Samenvatting<\/h2>\r\n\r\n        <div id=\"summary-list\" class=\"summary-list\">\r\n          <div class=\"empty-summary\">\r\n            Voeg services toe en klik vervolgens op \"Schatten\".\r\n          <\/div>\r\n        <\/div>\r\n\r\n        <div id=\"total-section\" class=\"total-section\" style=\"display:none;\">\r\n          <div class=\"total-row\">\r\n            <strong>Geschat totaal :<\/strong>\r\n            <span id=\"total-estime\">0,00 \u20ac<\/span>\r\n          <\/div>\r\n        <\/div>\r\n\r\n        <div class=\"note\">\r\n          <strong>Opmerking:<\/strong>\r\n          Dit is een schatting. De definitieve offerte wordt bevestigd na analyse.\r\n        <\/div>\r\n\r\n        <div class=\"contact-section\">\r\n            <a href=\"mailto:info@ospcleaning.be\" class=\"btn-contact\">\r\n                \u2709\ufe0f Neem contact met ons op\r\n            <\/a>\r\n        <\/div>\r\n\r\n      <\/div>\r\n\r\n    <\/div>\r\n  <\/div>\r\n<\/div>\r\n\r\n<!-- Message de chargement -->\r\n<div id=\"loading\" class=\"loading\" style=\"display:none;\">\r\n  <div class=\"spinner\"><\/div>\r\n  <p>Het genereren van de huidige quote...<\/p>\r\n<\/div>\t\t<\/div>\n\t\t\t\t<\/div>\n\t\t\t\t\t<\/div>\n\t\t\t\t<\/div>\n\t\t\t\t<\/div>","protected":false},"excerpt":{"rendered":"<p>D\u00e9VIS ESTIMATIF OSP CLEANING Obtenez une estimation pour votre service de nettoyage Type de service \ud83c\udfe0 Particulier \ud83c\udfe2 Professionnel Informations requises Nom de l&#8217;entreprise * Num\u00e9ro de TVA * Nom du contact * T\u00e9l\u00e9phone * Email * Ajouter des prestations S\u00e9lectionnez une prestation + Ajouter cette prestation Estimation R\u00e9initialiser R\u00e9capitulatif Ajoutez des prestations puis cliquez [&hellip;]<\/p>","protected":false},"author":1,"featured_media":0,"parent":0,"menu_order":0,"comment_status":"closed","ping_status":"closed","template":"","meta":{"footnotes":""},"class_list":["post-7654","page","type-page","status-publish","hentry"],"rttpg_featured_image_url":null,"rttpg_author":{"display_name":"ospcleaning","author_link":"https:\/\/www.ospcleaning.be\/nl\/author\/ospcleaning\/"},"rttpg_comment":0,"rttpg_category":null,"rttpg_excerpt":"D\u00e9VIS ESTIMATIF OSP CLEANING Obtenez une estimation pour votre service de nettoyage Type de service \ud83c\udfe0 Particulier \ud83c\udfe2 Professionnel Informations requises Nom de l&#8217;entreprise * Num\u00e9ro de TVA * Nom du contact * T\u00e9l\u00e9phone * Email * Ajouter des prestations S\u00e9lectionnez une prestation + Ajouter cette prestation Estimation R\u00e9initialiser R\u00e9capitulatif Ajoutez des prestations puis cliquez&hellip;","_links":{"self":[{"href":"https:\/\/www.ospcleaning.be\/nl\/wp-json\/wp\/v2\/pages\/7654","targetHints":{"allow":["GET"]}}],"collection":[{"href":"https:\/\/www.ospcleaning.be\/nl\/wp-json\/wp\/v2\/pages"}],"about":[{"href":"https:\/\/www.ospcleaning.be\/nl\/wp-json\/wp\/v2\/types\/page"}],"author":[{"embeddable":true,"href":"https:\/\/www.ospcleaning.be\/nl\/wp-json\/wp\/v2\/users\/1"}],"replies":[{"embeddable":true,"href":"https:\/\/www.ospcleaning.be\/nl\/wp-json\/wp\/v2\/comments?post=7654"}],"version-history":[{"count":20,"href":"https:\/\/www.ospcleaning.be\/nl\/wp-json\/wp\/v2\/pages\/7654\/revisions"}],"predecessor-version":[{"id":7751,"href":"https:\/\/www.ospcleaning.be\/nl\/wp-json\/wp\/v2\/pages\/7654\/revisions\/7751"}],"wp:attachment":[{"href":"https:\/\/www.ospcleaning.be\/nl\/wp-json\/wp\/v2\/media?parent=7654"}],"curies":[{"name":"wp","href":"https:\/\/api.w.org\/{rel}","templated":true}]}}